{"id":30263,"date":"2025-06-14T19:25:06","date_gmt":"2025-06-14T17:25:06","guid":{"rendered":"https:\/\/cvetlicarna-jasmin.com\/?page_id=30263"},"modified":"2025-06-15T00:51:37","modified_gmt":"2025-06-14T22:51:37","slug":"nagrobne-svece","status":"publish","type":"page","link":"https:\/\/cvetlicarna-jasmin.com\/index.php\/nagrobne-svece\/","title":{"rendered":"Nagrobne sve\u010de"},"content":{"rendered":"\t\t<div data-elementor-type=\"wp-page\" data-elementor-id=\"30263\" class=\"elementor elementor-30263\">\n\t\t\t\t<div class=\"elementor-element elementor-element-36584b5 e-con-full e-flex wpr-particle-no wpr-jarallax-no wpr-parallax-no wpr-sticky-section-no elementor-invisible e-con e-parent\" data-id=\"36584b5\" data-element_type=\"container\" data-settings=\"{&quot;background_background&quot;:&quot;classic&quot;,&quot;animation&quot;:&quot;fadeInUp&quot;}\">\n\t\t\t\t<div class=\"elementor-element elementor-element-d83e883 elementor-widget elementor-widget-spacer\" data-id=\"d83e883\" data-element_type=\"widget\" data-widget_type=\"spacer.default\">\n\t\t\t\t<div class=\"elementor-widget-container\">\n\t\t\t\t\t\t\t<div class=\"elementor-spacer\">\n\t\t\t<div class=\"elementor-spacer-inner\"><\/div>\n\t\t<\/div>\n\t\t\t\t\t\t<\/div>\n\t\t\t\t<\/div>\n\t\t\t\t<div class=\"elementor-element elementor-element-60b61b1 elementor-widget__width-initial elementor-widget elementor-widget-heading\" data-id=\"60b61b1\" data-element_type=\"widget\" data-widget_type=\"heading.default\">\n\t\t\t\t<div class=\"elementor-widget-container\">\n\t\t\t\t\t<h2 class=\"elementor-heading-title elementor-size-default\">NAGROBNE SVE\u010cE<\/h2>\t\t\t\t<\/div>\n\t\t\t\t<\/div>\n\t\t\t\t<div class=\"elementor-element elementor-element-63bad1b elementor-widget elementor-widget-spacer\" data-id=\"63bad1b\" data-element_type=\"widget\" data-widget_type=\"spacer.default\">\n\t\t\t\t<div class=\"elementor-widget-container\">\n\t\t\t\t\t\t\t<div class=\"elementor-spacer\">\n\t\t\t<div class=\"elementor-spacer-inner\"><\/div>\n\t\t<\/div>\n\t\t\t\t\t\t<\/div>\n\t\t\t\t<\/div>\n\t\t\t\t<div class=\"elementor-element elementor-element-f0eb6de elementor-widget__width-initial elementor-widget elementor-widget-text-editor\" data-id=\"f0eb6de\" data-element_type=\"widget\" data-widget_type=\"text-editor.default\">\n\t\t\t\t<div class=\"elementor-widget-container\">\n\t\t\t\t\t\t\t\t\t<p>Njihova ne\u017ena svetloba prina\u0161a toplino in mir na grobove na\u0161ih najdra\u017ejih. V ponudbi imamo razli\u010dne oblike in velikosti sve\u010d z dolgim \u010dasom gorenja, odporne tudi na veter in mraz. Idealne so za vse letne \u010dase in ob vsakem obisku pokopali\u0161\u010da.<\/p>\t\t\t\t\t\t\t\t<\/div>\n\t\t\t\t<\/div>\n\t\t\t\t<div class=\"elementor-element elementor-element-0c81913 elementor-widget elementor-widget-spacer\" data-id=\"0c81913\" data-element_type=\"widget\" data-widget_type=\"spacer.default\">\n\t\t\t\t<div class=\"elementor-widget-container\">\n\t\t\t\t\t\t\t<div class=\"elementor-spacer\">\n\t\t\t<div class=\"elementor-spacer-inner\"><\/div>\n\t\t<\/div>\n\t\t\t\t\t\t<\/div>\n\t\t\t\t<\/div>\n\t\t\t\t<\/div>\n\t\t<div class=\"elementor-element elementor-element-f182316 e-con-full e-flex wpr-particle-no wpr-jarallax-no wpr-parallax-no wpr-sticky-section-no e-con e-parent\" data-id=\"f182316\" data-element_type=\"container\" data-settings=\"{&quot;animation&quot;:&quot;none&quot;}\">\n\t\t\t\t<div class=\"elementor-element elementor-element-506db1d gallery-spacing-custom square-gallery elementor-invisible elementor-widget elementor-widget-image-gallery\" data-id=\"506db1d\" data-element_type=\"widget\" data-settings=\"{&quot;_animation&quot;:&quot;fadeInUp&quot;}\" data-widget_type=\"image-gallery.default\">\n\t\t\t\t<div class=\"elementor-widget-container\">\n\t\t\t\t\t\t\t<div class=\"elementor-image-gallery\">\n\t\t\t<div id='gallery-1' class='gallery galleryid-30263 gallery-columns-3 gallery-size-full'><figure class='gallery-item'>\n\t\t\t<div class='gallery-icon portrait'>\n\t\t\t\t<a data-elementor-open-lightbox=\"yes\" data-elementor-lightbox-slideshow=\"506db1d\" data-elementor-lightbox-title=\"Nagrobna sve\u010da\" data-e-action-hash=\"#elementor-action%3Aaction%3Dlightbox%26settings%3DeyJpZCI6MzAyNjYsInVybCI6Imh0dHBzOlwvXC9jdmV0bGljYXJuYS1qYXNtaW4uY29tXC93cC1jb250ZW50XC91cGxvYWRzXC8yMDI1XC8wNlwvMDJjMTUwZDUtMzIxYi00MTg0LWIzMzAtYjZmZTRlZDljZjRmLXNjYWxlZC5qcGciLCJzbGlkZXNob3ciOiI1MDZkYjFkIn0%3D\" href='https:\/\/cvetlicarna-jasmin.com\/wp-content\/uploads\/2025\/06\/02c150d5-321b-4184-b330-b6fe4ed9cf4f-scaled.jpg'><img fetchpriority=\"high\" decoding=\"async\" width=\"1926\" height=\"2560\" src=\"https:\/\/cvetlicarna-jasmin.com\/wp-content\/uploads\/2025\/06\/02c150d5-321b-4184-b330-b6fe4ed9cf4f-scaled.jpg\" class=\"attachment-full size-full\" alt=\"\" aria-describedby=\"gallery-1-30266\" srcset=\"https:\/\/cvetlicarna-jasmin.com\/wp-content\/uploads\/2025\/06\/02c150d5-321b-4184-b330-b6fe4ed9cf4f-scaled.jpg 1926w, https:\/\/cvetlicarna-jasmin.com\/wp-content\/uploads\/2025\/06\/02c150d5-321b-4184-b330-b6fe4ed9cf4f-226x300.jpg 226w, https:\/\/cvetlicarna-jasmin.com\/wp-content\/uploads\/2025\/06\/02c150d5-321b-4184-b330-b6fe4ed9cf4f-771x1024.jpg 771w, https:\/\/cvetlicarna-jasmin.com\/wp-content\/uploads\/2025\/06\/02c150d5-321b-4184-b330-b6fe4ed9cf4f-768x1021.jpg 768w, https:\/\/cvetlicarna-jasmin.com\/wp-content\/uploads\/2025\/06\/02c150d5-321b-4184-b330-b6fe4ed9cf4f-1156x1536.jpg 1156w, https:\/\/cvetlicarna-jasmin.com\/wp-content\/uploads\/2025\/06\/02c150d5-321b-4184-b330-b6fe4ed9cf4f-1541x2048.jpg 1541w\" sizes=\"(max-width: 1926px) 100vw, 1926px\" \/><\/a>\n\t\t\t<\/div>\n\t\t\t\t<figcaption class='wp-caption-text gallery-caption' id='gallery-1-30266'>\n\t\t\t\tNagrobna sve\u010da\n\t\t\t\t<\/figcaption><\/figure><figure class='gallery-item'>\n\t\t\t<div class='gallery-icon portrait'>\n\t\t\t\t<a data-elementor-open-lightbox=\"yes\" data-elementor-lightbox-slideshow=\"506db1d\" data-elementor-lightbox-title=\"Nagrobna sve\u010da\" data-e-action-hash=\"#elementor-action%3Aaction%3Dlightbox%26settings%3DeyJpZCI6MzAyNjcsInVybCI6Imh0dHBzOlwvXC9jdmV0bGljYXJuYS1qYXNtaW4uY29tXC93cC1jb250ZW50XC91cGxvYWRzXC8yMDI1XC8wNlwvNWI1OTIwMzMtNThmYi00NmQ2LTk2MmMtZDUyZjVjN2IzZTQ1LXNjYWxlZC5qcGciLCJzbGlkZXNob3ciOiI1MDZkYjFkIn0%3D\" href='https:\/\/cvetlicarna-jasmin.com\/wp-content\/uploads\/2025\/06\/5b592033-58fb-46d6-962c-d52f5c7b3e45-scaled.jpg'><img decoding=\"async\" width=\"1463\" height=\"2560\" src=\"https:\/\/cvetlicarna-jasmin.com\/wp-content\/uploads\/2025\/06\/5b592033-58fb-46d6-962c-d52f5c7b3e45-scaled.jpg\" class=\"attachment-full size-full\" alt=\"\" aria-describedby=\"gallery-1-30267\" srcset=\"https:\/\/cvetlicarna-jasmin.com\/wp-content\/uploads\/2025\/06\/5b592033-58fb-46d6-962c-d52f5c7b3e45-scaled.jpg 1463w, https:\/\/cvetlicarna-jasmin.com\/wp-content\/uploads\/2025\/06\/5b592033-58fb-46d6-962c-d52f5c7b3e45-171x300.jpg 171w, https:\/\/cvetlicarna-jasmin.com\/wp-content\/uploads\/2025\/06\/5b592033-58fb-46d6-962c-d52f5c7b3e45-585x1024.jpg 585w, https:\/\/cvetlicarna-jasmin.com\/wp-content\/uploads\/2025\/06\/5b592033-58fb-46d6-962c-d52f5c7b3e45-768x1344.jpg 768w, https:\/\/cvetlicarna-jasmin.com\/wp-content\/uploads\/2025\/06\/5b592033-58fb-46d6-962c-d52f5c7b3e45-878x1536.jpg 878w, https:\/\/cvetlicarna-jasmin.com\/wp-content\/uploads\/2025\/06\/5b592033-58fb-46d6-962c-d52f5c7b3e45-1171x2048.jpg 1171w\" sizes=\"(max-width: 1463px) 100vw, 1463px\" \/><\/a>\n\t\t\t<\/div>\n\t\t\t\t<figcaption class='wp-caption-text gallery-caption' id='gallery-1-30267'>\n\t\t\t\tNagrobna sve\u010da\n\t\t\t\t<\/figcaption><\/figure><figure class='gallery-item'>\n\t\t\t<div class='gallery-icon portrait'>\n\t\t\t\t<a data-elementor-open-lightbox=\"yes\" data-elementor-lightbox-slideshow=\"506db1d\" data-elementor-lightbox-title=\"Nagrobna sve\u010da\" data-e-action-hash=\"#elementor-action%3Aaction%3Dlightbox%26settings%3DeyJpZCI6MzAyNjgsInVybCI6Imh0dHBzOlwvXC9jdmV0bGljYXJuYS1qYXNtaW4uY29tXC93cC1jb250ZW50XC91cGxvYWRzXC8yMDI1XC8wNlwvMTY5ZTRhZDItNzlhMy00NWY1LWFlODgtNGRiMjdkMDlkNjAyLXNjYWxlZC5qcGciLCJzbGlkZXNob3ciOiI1MDZkYjFkIn0%3D\" href='https:\/\/cvetlicarna-jasmin.com\/wp-content\/uploads\/2025\/06\/169e4ad2-79a3-45f5-ae88-4db27d09d602-scaled.jpg'><img decoding=\"async\" width=\"1938\" height=\"2560\" src=\"https:\/\/cvetlicarna-jasmin.com\/wp-content\/uploads\/2025\/06\/169e4ad2-79a3-45f5-ae88-4db27d09d602-scaled.jpg\" class=\"attachment-full size-full\" alt=\"\" aria-describedby=\"gallery-1-30268\" srcset=\"https:\/\/cvetlicarna-jasmin.com\/wp-content\/uploads\/2025\/06\/169e4ad2-79a3-45f5-ae88-4db27d09d602-scaled.jpg 1938w, https:\/\/cvetlicarna-jasmin.com\/wp-content\/uploads\/2025\/06\/169e4ad2-79a3-45f5-ae88-4db27d09d602-227x300.jpg 227w, https:\/\/cvetlicarna-jasmin.com\/wp-content\/uploads\/2025\/06\/169e4ad2-79a3-45f5-ae88-4db27d09d602-775x1024.jpg 775w, https:\/\/cvetlicarna-jasmin.com\/wp-content\/uploads\/2025\/06\/169e4ad2-79a3-45f5-ae88-4db27d09d602-768x1014.jpg 768w, https:\/\/cvetlicarna-jasmin.com\/wp-content\/uploads\/2025\/06\/169e4ad2-79a3-45f5-ae88-4db27d09d602-1163x1536.jpg 1163w, https:\/\/cvetlicarna-jasmin.com\/wp-content\/uploads\/2025\/06\/169e4ad2-79a3-45f5-ae88-4db27d09d602-1550x2048.jpg 1550w\" sizes=\"(max-width: 1938px) 100vw, 1938px\" \/><\/a>\n\t\t\t<\/div>\n\t\t\t\t<figcaption class='wp-caption-text gallery-caption' id='gallery-1-30268'>\n\t\t\t\tNagrobna sve\u010da\n\t\t\t\t<\/figcaption><\/figure><figure class='gallery-item'>\n\t\t\t<div class='gallery-icon landscape'>\n\t\t\t\t<a data-elementor-open-lightbox=\"yes\" data-elementor-lightbox-slideshow=\"506db1d\" data-elementor-lightbox-title=\"Nagrobna sve\u010da\" data-e-action-hash=\"#elementor-action%3Aaction%3Dlightbox%26settings%3DeyJpZCI6MzAyNjksInVybCI6Imh0dHBzOlwvXC9jdmV0bGljYXJuYS1qYXNtaW4uY29tXC93cC1jb250ZW50XC91cGxvYWRzXC8yMDI1XC8wNlwvMjAyMzAxMDRfMTYzOTQ1LXNjYWxlZC5qcGciLCJzbGlkZXNob3ciOiI1MDZkYjFkIn0%3D\" href='https:\/\/cvetlicarna-jasmin.com\/wp-content\/uploads\/2025\/06\/20230104_163945-scaled.jpg'><img loading=\"lazy\" decoding=\"async\" width=\"2560\" height=\"1920\" src=\"https:\/\/cvetlicarna-jasmin.com\/wp-content\/uploads\/2025\/06\/20230104_163945-scaled.jpg\" class=\"attachment-full size-full\" alt=\"\" aria-describedby=\"gallery-1-30269\" srcset=\"https:\/\/cvetlicarna-jasmin.com\/wp-content\/uploads\/2025\/06\/20230104_163945-scaled.jpg 2560w, https:\/\/cvetlicarna-jasmin.com\/wp-content\/uploads\/2025\/06\/20230104_163945-300x225.jpg 300w, https:\/\/cvetlicarna-jasmin.com\/wp-content\/uploads\/2025\/06\/20230104_163945-1024x768.jpg 1024w, https:\/\/cvetlicarna-jasmin.com\/wp-content\/uploads\/2025\/06\/20230104_163945-768x576.jpg 768w, https:\/\/cvetlicarna-jasmin.com\/wp-content\/uploads\/2025\/06\/20230104_163945-1536x1152.jpg 1536w, https:\/\/cvetlicarna-jasmin.com\/wp-content\/uploads\/2025\/06\/20230104_163945-2048x1536.jpg 2048w\" sizes=\"(max-width: 2560px) 100vw, 2560px\" \/><\/a>\n\t\t\t<\/div>\n\t\t\t\t<figcaption class='wp-caption-text gallery-caption' id='gallery-1-30269'>\n\t\t\t\tNagrobna sve\u010da\n\t\t\t\t<\/figcaption><\/figure><figure class='gallery-item'>\n\t\t\t<div class='gallery-icon landscape'>\n\t\t\t\t<a data-elementor-open-lightbox=\"yes\" data-elementor-lightbox-slideshow=\"506db1d\" data-elementor-lightbox-title=\"Nagrobna sve\u010da\" data-e-action-hash=\"#elementor-action%3Aaction%3Dlightbox%26settings%3DeyJpZCI6MzAyNzAsInVybCI6Imh0dHBzOlwvXC9jdmV0bGljYXJuYS1qYXNtaW4uY29tXC93cC1jb250ZW50XC91cGxvYWRzXC8yMDI1XC8wNlwvMjAyMzAxMjdfMDgwNDAxLXNjYWxlZC5qcGciLCJzbGlkZXNob3ciOiI1MDZkYjFkIn0%3D\" href='https:\/\/cvetlicarna-jasmin.com\/wp-content\/uploads\/2025\/06\/20230127_080401-scaled.jpg'><img loading=\"lazy\" decoding=\"async\" width=\"2560\" height=\"1928\" src=\"https:\/\/cvetlicarna-jasmin.com\/wp-content\/uploads\/2025\/06\/20230127_080401-scaled.jpg\" class=\"attachment-full size-full\" alt=\"\" aria-describedby=\"gallery-1-30270\" srcset=\"https:\/\/cvetlicarna-jasmin.com\/wp-content\/uploads\/2025\/06\/20230127_080401-scaled.jpg 2560w, https:\/\/cvetlicarna-jasmin.com\/wp-content\/uploads\/2025\/06\/20230127_080401-300x226.jpg 300w, https:\/\/cvetlicarna-jasmin.com\/wp-content\/uploads\/2025\/06\/20230127_080401-1024x771.jpg 1024w, https:\/\/cvetlicarna-jasmin.com\/wp-content\/uploads\/2025\/06\/20230127_080401-768x578.jpg 768w, https:\/\/cvetlicarna-jasmin.com\/wp-content\/uploads\/2025\/06\/20230127_080401-1536x1157.jpg 1536w, https:\/\/cvetlicarna-jasmin.com\/wp-content\/uploads\/2025\/06\/20230127_080401-2048x1542.jpg 2048w\" sizes=\"(max-width: 2560px) 100vw, 2560px\" \/><\/a>\n\t\t\t<\/div>\n\t\t\t\t<figcaption class='wp-caption-text gallery-caption' id='gallery-1-30270'>\n\t\t\t\tNagrobna sve\u010da\n\t\t\t\t<\/figcaption><\/figure><figure class='gallery-item'>\n\t\t\t<div class='gallery-icon portrait'>\n\t\t\t\t<a data-elementor-open-lightbox=\"yes\" data-elementor-lightbox-slideshow=\"506db1d\" data-elementor-lightbox-title=\"Nagrobna sve\u010da\" data-e-action-hash=\"#elementor-action%3Aaction%3Dlightbox%26settings%3DeyJpZCI6MzAyNzEsInVybCI6Imh0dHBzOlwvXC9jdmV0bGljYXJuYS1qYXNtaW4uY29tXC93cC1jb250ZW50XC91cGxvYWRzXC8yMDI1XC8wNlwvZDEzN2I4MTctMjA2ZS00YTIxLWEwMjctNmY0MjI2NTc1ZmIyLXNjYWxlZC5qcGciLCJzbGlkZXNob3ciOiI1MDZkYjFkIn0%3D\" href='https:\/\/cvetlicarna-jasmin.com\/wp-content\/uploads\/2025\/06\/d137b817-206e-4a21-a027-6f4226575fb2-scaled.jpg'><img loading=\"lazy\" decoding=\"async\" width=\"1920\" height=\"2560\" src=\"https:\/\/cvetlicarna-jasmin.com\/wp-content\/uploads\/2025\/06\/d137b817-206e-4a21-a027-6f4226575fb2-scaled.jpg\" class=\"attachment-full size-full\" alt=\"\" aria-describedby=\"gallery-1-30271\" srcset=\"https:\/\/cvetlicarna-jasmin.com\/wp-content\/uploads\/2025\/06\/d137b817-206e-4a21-a027-6f4226575fb2-scaled.jpg 1920w, https:\/\/cvetlicarna-jasmin.com\/wp-content\/uploads\/2025\/06\/d137b817-206e-4a21-a027-6f4226575fb2-225x300.jpg 225w, https:\/\/cvetlicarna-jasmin.com\/wp-content\/uploads\/2025\/06\/d137b817-206e-4a21-a027-6f4226575fb2-768x1024.jpg 768w, https:\/\/cvetlicarna-jasmin.com\/wp-content\/uploads\/2025\/06\/d137b817-206e-4a21-a027-6f4226575fb2-1152x1536.jpg 1152w, https:\/\/cvetlicarna-jasmin.com\/wp-content\/uploads\/2025\/06\/d137b817-206e-4a21-a027-6f4226575fb2-1536x2048.jpg 1536w\" sizes=\"(max-width: 1920px) 100vw, 1920px\" \/><\/a>\n\t\t\t<\/div>\n\t\t\t\t<figcaption class='wp-caption-text gallery-caption' id='gallery-1-30271'>\n\t\t\t\tNagrobna sve\u010da\n\t\t\t\t<\/figcaption><\/figure><figure class='gallery-item'>\n\t\t\t<div class='gallery-icon portrait'>\n\t\t\t\t<a data-elementor-open-lightbox=\"yes\" data-elementor-lightbox-slideshow=\"506db1d\" data-elementor-lightbox-title=\"Nagrobna sve\u010da\" data-e-action-hash=\"#elementor-action%3Aaction%3Dlightbox%26settings%3DeyJpZCI6MzAyNzIsInVybCI6Imh0dHBzOlwvXC9jdmV0bGljYXJuYS1qYXNtaW4uY29tXC93cC1jb250ZW50XC91cGxvYWRzXC8yMDI1XC8wNlwvU2xpa2ExLmpwZyIsInNsaWRlc2hvdyI6IjUwNmRiMWQifQ%3D%3D\" href='https:\/\/cvetlicarna-jasmin.com\/wp-content\/uploads\/2025\/06\/Slika1.jpg'><img loading=\"lazy\" decoding=\"async\" width=\"662\" height=\"883\" src=\"https:\/\/cvetlicarna-jasmin.com\/wp-content\/uploads\/2025\/06\/Slika1.jpg\" class=\"attachment-full size-full\" alt=\"\" aria-describedby=\"gallery-1-30272\" srcset=\"https:\/\/cvetlicarna-jasmin.com\/wp-content\/uploads\/2025\/06\/Slika1.jpg 662w, https:\/\/cvetlicarna-jasmin.com\/wp-content\/uploads\/2025\/06\/Slika1-225x300.jpg 225w\" sizes=\"(max-width: 662px) 100vw, 662px\" \/><\/a>\n\t\t\t<\/div>\n\t\t\t\t<figcaption class='wp-caption-text gallery-caption' id='gallery-1-30272'>\n\t\t\t\tNagrobna sve\u010da\n\t\t\t\t<\/figcaption><\/figure>\n\t\t<\/div>\n\t\t<\/div>\n\t\t\t\t\t\t<\/div>\n\t\t\t\t<\/div>\n\t\t<div class=\"elementor-element elementor-element-4429b3c e-flex e-con-boxed wpr-particle-no wpr-jarallax-no wpr-parallax-no wpr-sticky-section-no e-con e-child\" data-id=\"4429b3c\" data-element_type=\"container\">\n\t\t\t\t\t<div class=\"e-con-inner\">\n\t\t\t\t<div class=\"elementor-element elementor-element-cc892cf elementor-widget elementor-widget-spacer\" data-id=\"cc892cf\" data-element_type=\"widget\" data-widget_type=\"spacer.default\">\n\t\t\t\t<div class=\"elementor-widget-container\">\n\t\t\t\t\t\t\t<div class=\"elementor-spacer\">\n\t\t\t<div class=\"elementor-spacer-inner\"><\/div>\n\t\t<\/div>\n\t\t\t\t\t\t<\/div>\n\t\t\t\t<\/div>\n\t\t\t\t\t<\/div>\n\t\t\t\t<\/div>\n\t\t\t\t<\/div>\n\t\t\t\t<\/div>\n\t\t","protected":false},"excerpt":{"rendered":"<p>NAGROBNE SVE\u010cE Njihova ne\u017ena svetloba prina\u0161a toplino in mir na grobove na\u0161ih najdra\u017ejih. V ponudbi imamo razli\u010dne oblike in velikosti sve\u010d z dolgim \u010dasom gorenja, odporne tudi na veter in mraz. Idealne so za vse letne \u010dase in ob vsakem obisku pokopali\u0161\u010da. Nagrobna sve\u010da Nagrobna sve\u010da Nagrobna sve\u010da Nagrobna sve\u010da Nagrobna sve\u010da Nagrobna sve\u010da Nagrobna sve\u010da<\/p>\n","protected":false},"author":1,"featured_media":0,"parent":0,"menu_order":0,"comment_status":"closed","ping_status":"closed","template":"","meta":{"footnotes":""},"class_list":["post-30263","page","type-page","status-publish","hentry"],"yoast_head":"<!-- This site is optimized with the Yoast SEO plugin v25.3 - https:\/\/yoast.com\/wordpress\/plugins\/seo\/ -->\n<title>Nagrobne sve\u010de - CVETLI\u010cARNA JASMIN ZLATICA STARC S.P.<\/title>\n<meta name=\"robots\" content=\"index, follow, max-snippet:-1, max-image-preview:large, max-video-preview:-1\" \/>\n<link rel=\"canonical\" href=\"https:\/\/cvetlicarna-jasmin.com\/index.php\/nagrobne-svece\/\" \/>\n<meta property=\"og:locale\" content=\"en_US\" \/>\n<meta property=\"og:type\" content=\"article\" \/>\n<meta property=\"og:title\" content=\"Nagrobne sve\u010de - CVETLI\u010cARNA JASMIN ZLATICA STARC S.P.\" \/>\n<meta property=\"og:description\" content=\"NAGROBNE SVE\u010cE Njihova ne\u017ena svetloba prina\u0161a toplino in mir na grobove na\u0161ih najdra\u017ejih. V ponudbi imamo razli\u010dne oblike in velikosti sve\u010d z dolgim \u010dasom gorenja, odporne tudi na veter in mraz. Idealne so za vse letne \u010dase in ob vsakem obisku pokopali\u0161\u010da. Nagrobna sve\u010da Nagrobna sve\u010da Nagrobna sve\u010da Nagrobna sve\u010da Nagrobna sve\u010da Nagrobna sve\u010da Nagrobna sve\u010da\" \/>\n<meta property=\"og:url\" content=\"https:\/\/cvetlicarna-jasmin.com\/index.php\/nagrobne-svece\/\" \/>\n<meta property=\"og:site_name\" content=\"CVETLI\u010cARNA JASMIN ZLATICA STARC S.P.\" \/>\n<meta property=\"article:modified_time\" content=\"2025-06-14T22:51:37+00:00\" \/>\n<meta property=\"og:image\" content=\"https:\/\/cvetlicarna-jasmin.com\/wp-content\/uploads\/2025\/06\/02c150d5-321b-4184-b330-b6fe4ed9cf4f-scaled.jpg\" \/>\n<meta name=\"twitter:card\" content=\"summary_large_image\" \/>\n<script type=\"application\/ld+json\" class=\"yoast-schema-graph\">{\"@context\":\"https:\/\/schema.org\",\"@graph\":[{\"@type\":\"WebPage\",\"@id\":\"https:\/\/cvetlicarna-jasmin.com\/index.php\/nagrobne-svece\/\",\"url\":\"https:\/\/cvetlicarna-jasmin.com\/index.php\/nagrobne-svece\/\",\"name\":\"Nagrobne sve\u010de - CVETLI\u010cARNA JASMIN ZLATICA STARC S.P.\",\"isPartOf\":{\"@id\":\"https:\/\/cvetlicarna-jasmin.com\/#website\"},\"primaryImageOfPage\":{\"@id\":\"https:\/\/cvetlicarna-jasmin.com\/index.php\/nagrobne-svece\/#primaryimage\"},\"image\":{\"@id\":\"https:\/\/cvetlicarna-jasmin.com\/index.php\/nagrobne-svece\/#primaryimage\"},\"thumbnailUrl\":\"https:\/\/cvetlicarna-jasmin.com\/wp-content\/uploads\/2025\/06\/02c150d5-321b-4184-b330-b6fe4ed9cf4f-scaled.jpg\",\"datePublished\":\"2025-06-14T17:25:06+00:00\",\"dateModified\":\"2025-06-14T22:51:37+00:00\",\"breadcrumb\":{\"@id\":\"https:\/\/cvetlicarna-jasmin.com\/index.php\/nagrobne-svece\/#breadcrumb\"},\"inLanguage\":\"en-US\",\"potentialAction\":[{\"@type\":\"ReadAction\",\"target\":[\"https:\/\/cvetlicarna-jasmin.com\/index.php\/nagrobne-svece\/\"]}]},{\"@type\":\"ImageObject\",\"inLanguage\":\"en-US\",\"@id\":\"https:\/\/cvetlicarna-jasmin.com\/index.php\/nagrobne-svece\/#primaryimage\",\"url\":\"https:\/\/cvetlicarna-jasmin.com\/wp-content\/uploads\/2025\/06\/02c150d5-321b-4184-b330-b6fe4ed9cf4f-scaled.jpg\",\"contentUrl\":\"https:\/\/cvetlicarna-jasmin.com\/wp-content\/uploads\/2025\/06\/02c150d5-321b-4184-b330-b6fe4ed9cf4f-scaled.jpg\"},{\"@type\":\"BreadcrumbList\",\"@id\":\"https:\/\/cvetlicarna-jasmin.com\/index.php\/nagrobne-svece\/#breadcrumb\",\"itemListElement\":[{\"@type\":\"ListItem\",\"position\":1,\"name\":\"Home\",\"item\":\"https:\/\/cvetlicarna-jasmin.com\/\"},{\"@type\":\"ListItem\",\"position\":2,\"name\":\"Nagrobne sve\u010de\"}]},{\"@type\":\"WebSite\",\"@id\":\"https:\/\/cvetlicarna-jasmin.com\/#website\",\"url\":\"https:\/\/cvetlicarna-jasmin.com\/\",\"name\":\"CVETLI\u010cARNA JASMIN ZLATICA STARC S.P.\",\"description\":\"Galerija na\u0161ega cvetja\",\"potentialAction\":[{\"@type\":\"SearchAction\",\"target\":{\"@type\":\"EntryPoint\",\"urlTemplate\":\"https:\/\/cvetlicarna-jasmin.com\/?s={search_term_string}\"},\"query-input\":{\"@type\":\"PropertyValueSpecification\",\"valueRequired\":true,\"valueName\":\"search_term_string\"}}],\"inLanguage\":\"en-US\"}]}<\/script>\n<!-- \/ Yoast SEO plugin. -->","yoast_head_json":{"title":"Nagrobne sve\u010de - CVETLI\u010cARNA JASMIN ZLATICA STARC S.P.","robots":{"index":"index","follow":"follow","max-snippet":"max-snippet:-1","max-image-preview":"max-image-preview:large","max-video-preview":"max-video-preview:-1"},"canonical":"https:\/\/cvetlicarna-jasmin.com\/index.php\/nagrobne-svece\/","og_locale":"en_US","og_type":"article","og_title":"Nagrobne sve\u010de - CVETLI\u010cARNA JASMIN ZLATICA STARC S.P.","og_description":"NAGROBNE SVE\u010cE Njihova ne\u017ena svetloba prina\u0161a toplino in mir na grobove na\u0161ih najdra\u017ejih. V ponudbi imamo razli\u010dne oblike in velikosti sve\u010d z dolgim \u010dasom gorenja, odporne tudi na veter in mraz. Idealne so za vse letne \u010dase in ob vsakem obisku pokopali\u0161\u010da. Nagrobna sve\u010da Nagrobna sve\u010da Nagrobna sve\u010da Nagrobna sve\u010da Nagrobna sve\u010da Nagrobna sve\u010da Nagrobna sve\u010da","og_url":"https:\/\/cvetlicarna-jasmin.com\/index.php\/nagrobne-svece\/","og_site_name":"CVETLI\u010cARNA JASMIN ZLATICA STARC S.P.","article_modified_time":"2025-06-14T22:51:37+00:00","og_image":[{"url":"https:\/\/cvetlicarna-jasmin.com\/wp-content\/uploads\/2025\/06\/02c150d5-321b-4184-b330-b6fe4ed9cf4f-scaled.jpg","type":"","width":"","height":""}],"twitter_card":"summary_large_image","schema":{"@context":"https:\/\/schema.org","@graph":[{"@type":"WebPage","@id":"https:\/\/cvetlicarna-jasmin.com\/index.php\/nagrobne-svece\/","url":"https:\/\/cvetlicarna-jasmin.com\/index.php\/nagrobne-svece\/","name":"Nagrobne sve\u010de - CVETLI\u010cARNA JASMIN ZLATICA STARC S.P.","isPartOf":{"@id":"https:\/\/cvetlicarna-jasmin.com\/#website"},"primaryImageOfPage":{"@id":"https:\/\/cvetlicarna-jasmin.com\/index.php\/nagrobne-svece\/#primaryimage"},"image":{"@id":"https:\/\/cvetlicarna-jasmin.com\/index.php\/nagrobne-svece\/#primaryimage"},"thumbnailUrl":"https:\/\/cvetlicarna-jasmin.com\/wp-content\/uploads\/2025\/06\/02c150d5-321b-4184-b330-b6fe4ed9cf4f-scaled.jpg","datePublished":"2025-06-14T17:25:06+00:00","dateModified":"2025-06-14T22:51:37+00:00","breadcrumb":{"@id":"https:\/\/cvetlicarna-jasmin.com\/index.php\/nagrobne-svece\/#breadcrumb"},"inLanguage":"en-US","potentialAction":[{"@type":"ReadAction","target":["https:\/\/cvetlicarna-jasmin.com\/index.php\/nagrobne-svece\/"]}]},{"@type":"ImageObject","inLanguage":"en-US","@id":"https:\/\/cvetlicarna-jasmin.com\/index.php\/nagrobne-svece\/#primaryimage","url":"https:\/\/cvetlicarna-jasmin.com\/wp-content\/uploads\/2025\/06\/02c150d5-321b-4184-b330-b6fe4ed9cf4f-scaled.jpg","contentUrl":"https:\/\/cvetlicarna-jasmin.com\/wp-content\/uploads\/2025\/06\/02c150d5-321b-4184-b330-b6fe4ed9cf4f-scaled.jpg"},{"@type":"BreadcrumbList","@id":"https:\/\/cvetlicarna-jasmin.com\/index.php\/nagrobne-svece\/#breadcrumb","itemListElement":[{"@type":"ListItem","position":1,"name":"Home","item":"https:\/\/cvetlicarna-jasmin.com\/"},{"@type":"ListItem","position":2,"name":"Nagrobne sve\u010de"}]},{"@type":"WebSite","@id":"https:\/\/cvetlicarna-jasmin.com\/#website","url":"https:\/\/cvetlicarna-jasmin.com\/","name":"CVETLI\u010cARNA JASMIN ZLATICA STARC S.P.","description":"Galerija na\u0161ega cvetja","potentialAction":[{"@type":"SearchAction","target":{"@type":"EntryPoint","urlTemplate":"https:\/\/cvetlicarna-jasmin.com\/?s={search_term_string}"},"query-input":{"@type":"PropertyValueSpecification","valueRequired":true,"valueName":"search_term_string"}}],"inLanguage":"en-US"}]}},"_links":{"self":[{"href":"https:\/\/cvetlicarna-jasmin.com\/index.php\/wp-json\/wp\/v2\/pages\/30263","targetHints":{"allow":["GET"]}}],"collection":[{"href":"https:\/\/cvetlicarna-jasmin.com\/index.php\/wp-json\/wp\/v2\/pages"}],"about":[{"href":"https:\/\/cvetlicarna-jasmin.com\/index.php\/wp-json\/wp\/v2\/types\/page"}],"author":[{"embeddable":true,"href":"https:\/\/cvetlicarna-jasmin.com\/index.php\/wp-json\/wp\/v2\/users\/1"}],"replies":[{"embeddable":true,"href":"https:\/\/cvetlicarna-jasmin.com\/index.php\/wp-json\/wp\/v2\/comments?post=30263"}],"version-history":[{"count":7,"href":"https:\/\/cvetlicarna-jasmin.com\/index.php\/wp-json\/wp\/v2\/pages\/30263\/revisions"}],"predecessor-version":[{"id":30400,"href":"https:\/\/cvetlicarna-jasmin.com\/index.php\/wp-json\/wp\/v2\/pages\/30263\/revisions\/30400"}],"wp:attachment":[{"href":"https:\/\/cvetlicarna-jasmin.com\/index.php\/wp-json\/wp\/v2\/media?parent=30263"}],"curies":[{"name":"wp","href":"https:\/\/api.w.org\/{rel}","templated":true}]}}