{"id":29687,"date":"2025-06-12T18:48:23","date_gmt":"2025-06-12T18:48:23","guid":{"rendered":"https:\/\/cvetlicarna-jasmin.com\/?page_id=29687"},"modified":"2025-06-15T21:39:50","modified_gmt":"2025-06-15T19:39:50","slug":"porocna-floristika","status":"publish","type":"page","link":"https:\/\/cvetlicarna-jasmin.com\/index.php\/porocna-floristika\/","title":{"rendered":"Poro\u010dna floristika"},"content":{"rendered":"\t\t<div data-elementor-type=\"wp-page\" data-elementor-id=\"29687\" class=\"elementor elementor-29687\">\n\t\t\t\t<div class=\"elementor-element elementor-element-e4a7f2f e-con-full e-flex wpr-particle-no wpr-jarallax-no wpr-parallax-no wpr-sticky-section-no elementor-invisible e-con e-parent\" data-id=\"e4a7f2f\" data-element_type=\"container\" data-settings=\"{&quot;background_background&quot;:&quot;classic&quot;,&quot;animation&quot;:&quot;fadeInUp&quot;}\">\n\t\t\t\t<div class=\"elementor-element elementor-element-bec6370 elementor-widget elementor-widget-spacer\" data-id=\"bec6370\" data-element_type=\"widget\" data-widget_type=\"spacer.default\">\n\t\t\t\t<div class=\"elementor-widget-container\">\n\t\t\t\t\t\t\t<div class=\"elementor-spacer\">\n\t\t\t<div class=\"elementor-spacer-inner\"><\/div>\n\t\t<\/div>\n\t\t\t\t\t\t<\/div>\n\t\t\t\t<\/div>\n\t\t\t\t<div class=\"elementor-element elementor-element-c18551a elementor-widget__width-initial elementor-widget elementor-widget-heading\" data-id=\"c18551a\" data-element_type=\"widget\" data-widget_type=\"heading.default\">\n\t\t\t\t<div class=\"elementor-widget-container\">\n\t\t\t\t\t<h2 class=\"elementor-heading-title elementor-size-default\">PORO\u010cNA FLORISTIKA<\/h2>\t\t\t\t<\/div>\n\t\t\t\t<\/div>\n\t\t\t\t<div class=\"elementor-element elementor-element-03dae64 elementor-widget elementor-widget-spacer\" data-id=\"03dae64\" data-element_type=\"widget\" data-widget_type=\"spacer.default\">\n\t\t\t\t<div class=\"elementor-widget-container\">\n\t\t\t\t\t\t\t<div class=\"elementor-spacer\">\n\t\t\t<div class=\"elementor-spacer-inner\"><\/div>\n\t\t<\/div>\n\t\t\t\t\t\t<\/div>\n\t\t\t\t<\/div>\n\t\t\t\t<div class=\"elementor-element elementor-element-0101ad8 elementor-widget__width-initial elementor-widget elementor-widget-text-editor\" data-id=\"0101ad8\" data-element_type=\"widget\" data-widget_type=\"text-editor.default\">\n\t\t\t\t<div class=\"elementor-widget-container\">\n\t\t\t\t\t\t\t\t\t<p>Na\u0161a poro\u010dna floristika vklju\u010duje elegantne \u0161opke za nevesto in pri\u010do, dekoracijo prostora, miz ter cerkvenih klopi, vse prilagojeno vajinim \u017eeljam. Poskrbimo za usklajenost barv, stilov in detajlov, da bo vajin dan popoln v vsakem pogledu. Cvetje izbiramo skrbno in z ljubeznijo, da pri\u010dara \u010darobno vzdu\u0161je vajine poroke.<\/p>\t\t\t\t\t\t\t\t<\/div>\n\t\t\t\t<\/div>\n\t\t\t\t<div class=\"elementor-element elementor-element-2543fa4 elementor-widget elementor-widget-spacer\" data-id=\"2543fa4\" data-element_type=\"widget\" data-widget_type=\"spacer.default\">\n\t\t\t\t<div class=\"elementor-widget-container\">\n\t\t\t\t\t\t\t<div class=\"elementor-spacer\">\n\t\t\t<div class=\"elementor-spacer-inner\"><\/div>\n\t\t<\/div>\n\t\t\t\t\t\t<\/div>\n\t\t\t\t<\/div>\n\t\t\t\t<\/div>\n\t\t<div class=\"elementor-element elementor-element-fd654b4 e-con-full e-flex wpr-particle-no wpr-jarallax-no wpr-parallax-no wpr-sticky-section-no e-con e-parent\" data-id=\"fd654b4\" data-element_type=\"container\" data-settings=\"{&quot;animation&quot;:&quot;none&quot;}\">\n\t\t\t\t<div class=\"elementor-element elementor-element-b4617c0 gallery-spacing-custom square-gallery elementor-invisible elementor-widget elementor-widget-image-gallery\" data-id=\"b4617c0\" data-element_type=\"widget\" data-settings=\"{&quot;_animation&quot;:&quot;fadeInUp&quot;}\" data-widget_type=\"image-gallery.default\">\n\t\t\t\t<div class=\"elementor-widget-container\">\n\t\t\t\t\t\t\t<div class=\"elementor-image-gallery\">\n\t\t\t<div id='gallery-1' class='gallery galleryid-29687 gallery-columns-3 gallery-size-full'><figure class='gallery-item'>\n\t\t\t<div class='gallery-icon portrait'>\n\t\t\t\t<a data-elementor-open-lightbox=\"yes\" data-elementor-lightbox-slideshow=\"b4617c0\" data-elementor-lightbox-title=\"Poro\u010dna floristika\" data-e-action-hash=\"#elementor-action%3Aaction%3Dlightbox%26settings%3DeyJpZCI6MzAxNDIsInVybCI6Imh0dHBzOlwvXC9jdmV0bGljYXJuYS1qYXNtaW4uY29tXC93cC1jb250ZW50XC91cGxvYWRzXC8yMDI1XC8wNlwvMjAyMDA3MDRfMDgxMDU3LXNjYWxlZC5qcGciLCJzbGlkZXNob3ciOiJiNDYxN2MwIn0%3D\" href='https:\/\/cvetlicarna-jasmin.com\/wp-content\/uploads\/2025\/06\/20200704_081057-scaled.jpg'><img fetchpriority=\"high\" decoding=\"async\" width=\"1920\" height=\"2560\" src=\"https:\/\/cvetlicarna-jasmin.com\/wp-content\/uploads\/2025\/06\/20200704_081057-scaled.jpg\" class=\"attachment-full size-full\" alt=\"\" aria-describedby=\"gallery-1-30142\" srcset=\"https:\/\/cvetlicarna-jasmin.com\/wp-content\/uploads\/2025\/06\/20200704_081057-scaled.jpg 1920w, https:\/\/cvetlicarna-jasmin.com\/wp-content\/uploads\/2025\/06\/20200704_081057-225x300.jpg 225w, https:\/\/cvetlicarna-jasmin.com\/wp-content\/uploads\/2025\/06\/20200704_081057-768x1024.jpg 768w, https:\/\/cvetlicarna-jasmin.com\/wp-content\/uploads\/2025\/06\/20200704_081057-1152x1536.jpg 1152w, https:\/\/cvetlicarna-jasmin.com\/wp-content\/uploads\/2025\/06\/20200704_081057-1536x2048.jpg 1536w\" sizes=\"(max-width: 1920px) 100vw, 1920px\" \/><\/a>\n\t\t\t<\/div>\n\t\t\t\t<figcaption class='wp-caption-text gallery-caption' id='gallery-1-30142'>\n\t\t\t\tPoro\u010dna floristika\n\t\t\t\t<\/figcaption><\/figure><figure class='gallery-item'>\n\t\t\t<div class='gallery-icon landscape'>\n\t\t\t\t<a data-elementor-open-lightbox=\"yes\" data-elementor-lightbox-slideshow=\"b4617c0\" data-elementor-lightbox-title=\"Poro\u010dna floristika\" data-e-action-hash=\"#elementor-action%3Aaction%3Dlightbox%26settings%3DeyJpZCI6MzAxNDMsInVybCI6Imh0dHBzOlwvXC9jdmV0bGljYXJuYS1qYXNtaW4uY29tXC93cC1jb250ZW50XC91cGxvYWRzXC8yMDI1XC8wNlwvMjAyMDA3MDRfMDgxNTE3LXNjYWxlZC5qcGciLCJzbGlkZXNob3ciOiJiNDYxN2MwIn0%3D\" href='https:\/\/cvetlicarna-jasmin.com\/wp-content\/uploads\/2025\/06\/20200704_081517-scaled.jpg'><img decoding=\"async\" width=\"2560\" height=\"1920\" src=\"https:\/\/cvetlicarna-jasmin.com\/wp-content\/uploads\/2025\/06\/20200704_081517-scaled.jpg\" class=\"attachment-full size-full\" alt=\"\" aria-describedby=\"gallery-1-30143\" srcset=\"https:\/\/cvetlicarna-jasmin.com\/wp-content\/uploads\/2025\/06\/20200704_081517-scaled.jpg 2560w, https:\/\/cvetlicarna-jasmin.com\/wp-content\/uploads\/2025\/06\/20200704_081517-300x225.jpg 300w, https:\/\/cvetlicarna-jasmin.com\/wp-content\/uploads\/2025\/06\/20200704_081517-1024x768.jpg 1024w, https:\/\/cvetlicarna-jasmin.com\/wp-content\/uploads\/2025\/06\/20200704_081517-768x576.jpg 768w, https:\/\/cvetlicarna-jasmin.com\/wp-content\/uploads\/2025\/06\/20200704_081517-1536x1152.jpg 1536w, https:\/\/cvetlicarna-jasmin.com\/wp-content\/uploads\/2025\/06\/20200704_081517-2048x1536.jpg 2048w\" sizes=\"(max-width: 2560px) 100vw, 2560px\" \/><\/a>\n\t\t\t<\/div>\n\t\t\t\t<figcaption class='wp-caption-text gallery-caption' id='gallery-1-30143'>\n\t\t\t\tPoro\u010dna floristika\n\t\t\t\t<\/figcaption><\/figure><figure class='gallery-item'>\n\t\t\t<div class='gallery-icon portrait'>\n\t\t\t\t<a data-elementor-open-lightbox=\"yes\" data-elementor-lightbox-slideshow=\"b4617c0\" data-elementor-lightbox-title=\"Poro\u010dna floristika\" data-e-action-hash=\"#elementor-action%3Aaction%3Dlightbox%26settings%3DeyJpZCI6MzAxNDQsInVybCI6Imh0dHBzOlwvXC9jdmV0bGljYXJuYS1qYXNtaW4uY29tXC93cC1jb250ZW50XC91cGxvYWRzXC8yMDI1XC8wNlwvMjAyMjA1MjhfMDg0MjI1LXNjYWxlZC5qcGciLCJzbGlkZXNob3ciOiJiNDYxN2MwIn0%3D\" href='https:\/\/cvetlicarna-jasmin.com\/wp-content\/uploads\/2025\/06\/20220528_084225-scaled.jpg'><img decoding=\"async\" width=\"2539\" height=\"2560\" src=\"https:\/\/cvetlicarna-jasmin.com\/wp-content\/uploads\/2025\/06\/20220528_084225-scaled.jpg\" class=\"attachment-full size-full\" alt=\"\" aria-describedby=\"gallery-1-30144\" srcset=\"https:\/\/cvetlicarna-jasmin.com\/wp-content\/uploads\/2025\/06\/20220528_084225-scaled.jpg 2539w, https:\/\/cvetlicarna-jasmin.com\/wp-content\/uploads\/2025\/06\/20220528_084225-298x300.jpg 298w, https:\/\/cvetlicarna-jasmin.com\/wp-content\/uploads\/2025\/06\/20220528_084225-1015x1024.jpg 1015w, https:\/\/cvetlicarna-jasmin.com\/wp-content\/uploads\/2025\/06\/20220528_084225-150x150.jpg 150w, https:\/\/cvetlicarna-jasmin.com\/wp-content\/uploads\/2025\/06\/20220528_084225-768x774.jpg 768w, https:\/\/cvetlicarna-jasmin.com\/wp-content\/uploads\/2025\/06\/20220528_084225-1523x1536.jpg 1523w, https:\/\/cvetlicarna-jasmin.com\/wp-content\/uploads\/2025\/06\/20220528_084225-2031x2048.jpg 2031w\" sizes=\"(max-width: 2539px) 100vw, 2539px\" \/><\/a>\n\t\t\t<\/div>\n\t\t\t\t<figcaption class='wp-caption-text gallery-caption' id='gallery-1-30144'>\n\t\t\t\tPoro\u010dna floristika\n\t\t\t\t<\/figcaption><\/figure><figure class='gallery-item'>\n\t\t\t<div class='gallery-icon portrait'>\n\t\t\t\t<a data-elementor-open-lightbox=\"yes\" data-elementor-lightbox-slideshow=\"b4617c0\" data-elementor-lightbox-title=\"Poro\u010dna floristika\" data-e-action-hash=\"#elementor-action%3Aaction%3Dlightbox%26settings%3DeyJpZCI6MzAxNDUsInVybCI6Imh0dHBzOlwvXC9jdmV0bGljYXJuYS1qYXNtaW4uY29tXC93cC1jb250ZW50XC91cGxvYWRzXC8yMDI1XC8wNlwvMjAyMzA2MTVfMTIwNTU2LXNjYWxlZC5qcGciLCJzbGlkZXNob3ciOiJiNDYxN2MwIn0%3D\" href='https:\/\/cvetlicarna-jasmin.com\/wp-content\/uploads\/2025\/06\/20230615_120556-scaled.jpg'><img loading=\"lazy\" decoding=\"async\" width=\"1920\" height=\"2560\" src=\"https:\/\/cvetlicarna-jasmin.com\/wp-content\/uploads\/2025\/06\/20230615_120556-scaled.jpg\" class=\"attachment-full size-full\" alt=\"\" aria-describedby=\"gallery-1-30145\" srcset=\"https:\/\/cvetlicarna-jasmin.com\/wp-content\/uploads\/2025\/06\/20230615_120556-scaled.jpg 1920w, https:\/\/cvetlicarna-jasmin.com\/wp-content\/uploads\/2025\/06\/20230615_120556-225x300.jpg 225w, https:\/\/cvetlicarna-jasmin.com\/wp-content\/uploads\/2025\/06\/20230615_120556-768x1024.jpg 768w, https:\/\/cvetlicarna-jasmin.com\/wp-content\/uploads\/2025\/06\/20230615_120556-1152x1536.jpg 1152w, https:\/\/cvetlicarna-jasmin.com\/wp-content\/uploads\/2025\/06\/20230615_120556-1536x2048.jpg 1536w\" sizes=\"(max-width: 1920px) 100vw, 1920px\" \/><\/a>\n\t\t\t<\/div>\n\t\t\t\t<figcaption class='wp-caption-text gallery-caption' id='gallery-1-30145'>\n\t\t\t\tPoro\u010dna floristika\n\t\t\t\t<\/figcaption><\/figure><figure class='gallery-item'>\n\t\t\t<div class='gallery-icon portrait'>\n\t\t\t\t<a data-elementor-open-lightbox=\"yes\" data-elementor-lightbox-slideshow=\"b4617c0\" data-elementor-lightbox-title=\"Poro\u010dna floristika\" data-e-action-hash=\"#elementor-action%3Aaction%3Dlightbox%26settings%3DeyJpZCI6MzAxNDYsInVybCI6Imh0dHBzOlwvXC9jdmV0bGljYXJuYS1qYXNtaW4uY29tXC93cC1jb250ZW50XC91cGxvYWRzXC8yMDI1XC8wNlwvMjAyNTAyMTRfMTMyNjAzMi1zY2FsZWQuanBnIiwic2xpZGVzaG93IjoiYjQ2MTdjMCJ9\" href='https:\/\/cvetlicarna-jasmin.com\/wp-content\/uploads\/2025\/06\/20250214_1326032-scaled.jpg'><img loading=\"lazy\" decoding=\"async\" width=\"2043\" height=\"2560\" src=\"https:\/\/cvetlicarna-jasmin.com\/wp-content\/uploads\/2025\/06\/20250214_1326032-scaled.jpg\" class=\"attachment-full size-full\" alt=\"\" aria-describedby=\"gallery-1-30146\" srcset=\"https:\/\/cvetlicarna-jasmin.com\/wp-content\/uploads\/2025\/06\/20250214_1326032-scaled.jpg 2043w, https:\/\/cvetlicarna-jasmin.com\/wp-content\/uploads\/2025\/06\/20250214_1326032-239x300.jpg 239w, https:\/\/cvetlicarna-jasmin.com\/wp-content\/uploads\/2025\/06\/20250214_1326032-817x1024.jpg 817w, https:\/\/cvetlicarna-jasmin.com\/wp-content\/uploads\/2025\/06\/20250214_1326032-768x962.jpg 768w, https:\/\/cvetlicarna-jasmin.com\/wp-content\/uploads\/2025\/06\/20250214_1326032-1226x1536.jpg 1226w, https:\/\/cvetlicarna-jasmin.com\/wp-content\/uploads\/2025\/06\/20250214_1326032-1635x2048.jpg 1635w\" sizes=\"(max-width: 2043px) 100vw, 2043px\" \/><\/a>\n\t\t\t<\/div>\n\t\t\t\t<figcaption class='wp-caption-text gallery-caption' id='gallery-1-30146'>\n\t\t\t\tPoro\u010dna floristika\n\t\t\t\t<\/figcaption><\/figure><figure class='gallery-item'>\n\t\t\t<div class='gallery-icon portrait'>\n\t\t\t\t<a data-elementor-open-lightbox=\"yes\" data-elementor-lightbox-slideshow=\"b4617c0\" data-elementor-lightbox-title=\"Poro\u010dna floristika\" data-e-action-hash=\"#elementor-action%3Aaction%3Dlightbox%26settings%3DeyJpZCI6MzAxNDcsInVybCI6Imh0dHBzOlwvXC9jdmV0bGljYXJuYS1qYXNtaW4uY29tXC93cC1jb250ZW50XC91cGxvYWRzXC8yMDI1XC8wNlwvYmVkMmZlNDYtZGUwNC00ODZlLWFmODctNDZlMjBkMmFmZDExLXNjYWxlZC5qcGciLCJzbGlkZXNob3ciOiJiNDYxN2MwIn0%3D\" href='https:\/\/cvetlicarna-jasmin.com\/wp-content\/uploads\/2025\/06\/bed2fe46-de04-486e-af87-46e20d2afd11-scaled.jpg'><img loading=\"lazy\" decoding=\"async\" width=\"2058\" height=\"2560\" src=\"https:\/\/cvetlicarna-jasmin.com\/wp-content\/uploads\/2025\/06\/bed2fe46-de04-486e-af87-46e20d2afd11-scaled.jpg\" class=\"attachment-full size-full\" alt=\"\" aria-describedby=\"gallery-1-30147\" srcset=\"https:\/\/cvetlicarna-jasmin.com\/wp-content\/uploads\/2025\/06\/bed2fe46-de04-486e-af87-46e20d2afd11-scaled.jpg 2058w, https:\/\/cvetlicarna-jasmin.com\/wp-content\/uploads\/2025\/06\/bed2fe46-de04-486e-af87-46e20d2afd11-241x300.jpg 241w, https:\/\/cvetlicarna-jasmin.com\/wp-content\/uploads\/2025\/06\/bed2fe46-de04-486e-af87-46e20d2afd11-823x1024.jpg 823w, https:\/\/cvetlicarna-jasmin.com\/wp-content\/uploads\/2025\/06\/bed2fe46-de04-486e-af87-46e20d2afd11-768x956.jpg 768w, https:\/\/cvetlicarna-jasmin.com\/wp-content\/uploads\/2025\/06\/bed2fe46-de04-486e-af87-46e20d2afd11-1235x1536.jpg 1235w, https:\/\/cvetlicarna-jasmin.com\/wp-content\/uploads\/2025\/06\/bed2fe46-de04-486e-af87-46e20d2afd11-1646x2048.jpg 1646w\" sizes=\"(max-width: 2058px) 100vw, 2058px\" \/><\/a>\n\t\t\t<\/div>\n\t\t\t\t<figcaption class='wp-caption-text gallery-caption' id='gallery-1-30147'>\n\t\t\t\tPoro\u010dna floristika\n\t\t\t\t<\/figcaption><\/figure>\n\t\t<\/div>\n\t\t<\/div>\n\t\t\t\t\t\t<\/div>\n\t\t\t\t<\/div>\n\t\t\t\t<\/div>\n\t\t<div class=\"elementor-element elementor-element-378447f e-flex e-con-boxed wpr-particle-no wpr-jarallax-no wpr-parallax-no wpr-sticky-section-no e-con e-parent\" data-id=\"378447f\" data-element_type=\"container\">\n\t\t\t\t\t<div class=\"e-con-inner\">\n\t\t\t\t<div class=\"elementor-element elementor-element-391c8a8 elementor-widget elementor-widget-spacer\" data-id=\"391c8a8\" data-element_type=\"widget\" data-widget_type=\"spacer.default\">\n\t\t\t\t<div class=\"elementor-widget-container\">\n\t\t\t\t\t\t\t<div class=\"elementor-spacer\">\n\t\t\t<div class=\"elementor-spacer-inner\"><\/div>\n\t\t<\/div>\n\t\t\t\t\t\t<\/div>\n\t\t\t\t<\/div>\n\t\t\t\t\t<\/div>\n\t\t\t\t<\/div>\n\t\t\t\t<\/div>\n\t\t","protected":false},"excerpt":{"rendered":"<p>PORO\u010cNA FLORISTIKA Na\u0161a poro\u010dna floristika vklju\u010duje elegantne \u0161opke za nevesto in pri\u010do, dekoracijo prostora, miz ter cerkvenih klopi, vse prilagojeno vajinim \u017eeljam. Poskrbimo za usklajenost barv, stilov in detajlov, da bo vajin dan popoln v vsakem pogledu. Cvetje izbiramo skrbno in z ljubeznijo, da pri\u010dara \u010darobno vzdu\u0161je vajine poroke. Poro\u010dna floristika Poro\u010dna floristika Poro\u010dna floristika Poro\u010dna floristika Poro\u010dna floristika Poro\u010dna floristika<\/p>\n","protected":false},"author":1,"featured_media":0,"parent":0,"menu_order":0,"comment_status":"closed","ping_status":"closed","template":"","meta":{"footnotes":""},"class_list":["post-29687","page","type-page","status-publish","hentry"],"yoast_head":"<!-- This site is optimized with the Yoast SEO plugin v25.3 - https:\/\/yoast.com\/wordpress\/plugins\/seo\/ -->\n<title>Poro\u010dna floristika - CVETLI\u010cARNA JASMIN ZLATICA STARC S.P.<\/title>\n<meta name=\"robots\" content=\"index, follow, max-snippet:-1, max-image-preview:large, max-video-preview:-1\" \/>\n<link rel=\"canonical\" href=\"https:\/\/cvetlicarna-jasmin.com\/index.php\/porocna-floristika\/\" \/>\n<meta property=\"og:locale\" content=\"en_US\" \/>\n<meta property=\"og:type\" content=\"article\" \/>\n<meta property=\"og:title\" content=\"Poro\u010dna floristika - CVETLI\u010cARNA JASMIN ZLATICA STARC S.P.\" \/>\n<meta property=\"og:description\" content=\"PORO\u010cNA FLORISTIKA Na\u0161a poro\u010dna floristika vklju\u010duje elegantne \u0161opke za nevesto in pri\u010do, dekoracijo prostora, miz ter cerkvenih klopi, vse prilagojeno vajinim \u017eeljam. Poskrbimo za usklajenost barv, stilov in detajlov, da bo vajin dan popoln v vsakem pogledu. Cvetje izbiramo skrbno in z ljubeznijo, da pri\u010dara \u010darobno vzdu\u0161je vajine poroke. Poro\u010dna floristika Poro\u010dna floristika Poro\u010dna floristika Poro\u010dna floristika Poro\u010dna floristika Poro\u010dna floristika\" \/>\n<meta property=\"og:url\" content=\"https:\/\/cvetlicarna-jasmin.com\/index.php\/porocna-floristika\/\" \/>\n<meta property=\"og:site_name\" content=\"CVETLI\u010cARNA JASMIN ZLATICA STARC S.P.\" \/>\n<meta property=\"article:modified_time\" content=\"2025-06-15T19:39:50+00:00\" \/>\n<meta property=\"og:image\" content=\"https:\/\/cvetlicarna-jasmin.com\/wp-content\/uploads\/2025\/06\/20200704_081057-scaled.jpg\" \/>\n<meta name=\"twitter:card\" content=\"summary_large_image\" \/>\n<meta name=\"twitter:label1\" content=\"Est. reading time\" \/>\n\t<meta name=\"twitter:data1\" content=\"2 minutes\" \/>\n<script type=\"application\/ld+json\" class=\"yoast-schema-graph\">{\"@context\":\"https:\/\/schema.org\",\"@graph\":[{\"@type\":\"WebPage\",\"@id\":\"https:\/\/cvetlicarna-jasmin.com\/index.php\/porocna-floristika\/\",\"url\":\"https:\/\/cvetlicarna-jasmin.com\/index.php\/porocna-floristika\/\",\"name\":\"Poro\u010dna floristika - CVETLI\u010cARNA JASMIN ZLATICA STARC S.P.\",\"isPartOf\":{\"@id\":\"https:\/\/cvetlicarna-jasmin.com\/#website\"},\"primaryImageOfPage\":{\"@id\":\"https:\/\/cvetlicarna-jasmin.com\/index.php\/porocna-floristika\/#primaryimage\"},\"image\":{\"@id\":\"https:\/\/cvetlicarna-jasmin.com\/index.php\/porocna-floristika\/#primaryimage\"},\"thumbnailUrl\":\"https:\/\/cvetlicarna-jasmin.com\/wp-content\/uploads\/2025\/06\/20200704_081057-scaled.jpg\",\"datePublished\":\"2025-06-12T18:48:23+00:00\",\"dateModified\":\"2025-06-15T19:39:50+00:00\",\"breadcrumb\":{\"@id\":\"https:\/\/cvetlicarna-jasmin.com\/index.php\/porocna-floristika\/#breadcrumb\"},\"inLanguage\":\"en-US\",\"potentialAction\":[{\"@type\":\"ReadAction\",\"target\":[\"https:\/\/cvetlicarna-jasmin.com\/index.php\/porocna-floristika\/\"]}]},{\"@type\":\"ImageObject\",\"inLanguage\":\"en-US\",\"@id\":\"https:\/\/cvetlicarna-jasmin.com\/index.php\/porocna-floristika\/#primaryimage\",\"url\":\"https:\/\/cvetlicarna-jasmin.com\/wp-content\/uploads\/2025\/06\/20200704_081057-scaled.jpg\",\"contentUrl\":\"https:\/\/cvetlicarna-jasmin.com\/wp-content\/uploads\/2025\/06\/20200704_081057-scaled.jpg\"},{\"@type\":\"BreadcrumbList\",\"@id\":\"https:\/\/cvetlicarna-jasmin.com\/index.php\/porocna-floristika\/#breadcrumb\",\"itemListElement\":[{\"@type\":\"ListItem\",\"position\":1,\"name\":\"Home\",\"item\":\"https:\/\/cvetlicarna-jasmin.com\/\"},{\"@type\":\"ListItem\",\"position\":2,\"name\":\"Poro\u010dna floristika\"}]},{\"@type\":\"WebSite\",\"@id\":\"https:\/\/cvetlicarna-jasmin.com\/#website\",\"url\":\"https:\/\/cvetlicarna-jasmin.com\/\",\"name\":\"CVETLI\u010cARNA JASMIN ZLATICA STARC S.P.\",\"description\":\"Galerija na\u0161ega cvetja\",\"potentialAction\":[{\"@type\":\"SearchAction\",\"target\":{\"@type\":\"EntryPoint\",\"urlTemplate\":\"https:\/\/cvetlicarna-jasmin.com\/?s={search_term_string}\"},\"query-input\":{\"@type\":\"PropertyValueSpecification\",\"valueRequired\":true,\"valueName\":\"search_term_string\"}}],\"inLanguage\":\"en-US\"}]}<\/script>\n<!-- \/ Yoast SEO plugin. -->","yoast_head_json":{"title":"Poro\u010dna floristika - CVETLI\u010cARNA JASMIN ZLATICA STARC S.P.","robots":{"index":"index","follow":"follow","max-snippet":"max-snippet:-1","max-image-preview":"max-image-preview:large","max-video-preview":"max-video-preview:-1"},"canonical":"https:\/\/cvetlicarna-jasmin.com\/index.php\/porocna-floristika\/","og_locale":"en_US","og_type":"article","og_title":"Poro\u010dna floristika - CVETLI\u010cARNA JASMIN ZLATICA STARC S.P.","og_description":"PORO\u010cNA FLORISTIKA Na\u0161a poro\u010dna floristika vklju\u010duje elegantne \u0161opke za nevesto in pri\u010do, dekoracijo prostora, miz ter cerkvenih klopi, vse prilagojeno vajinim \u017eeljam. Poskrbimo za usklajenost barv, stilov in detajlov, da bo vajin dan popoln v vsakem pogledu. Cvetje izbiramo skrbno in z ljubeznijo, da pri\u010dara \u010darobno vzdu\u0161je vajine poroke. Poro\u010dna floristika Poro\u010dna floristika Poro\u010dna floristika Poro\u010dna floristika Poro\u010dna floristika Poro\u010dna floristika","og_url":"https:\/\/cvetlicarna-jasmin.com\/index.php\/porocna-floristika\/","og_site_name":"CVETLI\u010cARNA JASMIN ZLATICA STARC S.P.","article_modified_time":"2025-06-15T19:39:50+00:00","og_image":[{"url":"https:\/\/cvetlicarna-jasmin.com\/wp-content\/uploads\/2025\/06\/20200704_081057-scaled.jpg","type":"","width":"","height":""}],"twitter_card":"summary_large_image","twitter_misc":{"Est. reading time":"2 minutes"},"schema":{"@context":"https:\/\/schema.org","@graph":[{"@type":"WebPage","@id":"https:\/\/cvetlicarna-jasmin.com\/index.php\/porocna-floristika\/","url":"https:\/\/cvetlicarna-jasmin.com\/index.php\/porocna-floristika\/","name":"Poro\u010dna floristika - CVETLI\u010cARNA JASMIN ZLATICA STARC S.P.","isPartOf":{"@id":"https:\/\/cvetlicarna-jasmin.com\/#website"},"primaryImageOfPage":{"@id":"https:\/\/cvetlicarna-jasmin.com\/index.php\/porocna-floristika\/#primaryimage"},"image":{"@id":"https:\/\/cvetlicarna-jasmin.com\/index.php\/porocna-floristika\/#primaryimage"},"thumbnailUrl":"https:\/\/cvetlicarna-jasmin.com\/wp-content\/uploads\/2025\/06\/20200704_081057-scaled.jpg","datePublished":"2025-06-12T18:48:23+00:00","dateModified":"2025-06-15T19:39:50+00:00","breadcrumb":{"@id":"https:\/\/cvetlicarna-jasmin.com\/index.php\/porocna-floristika\/#breadcrumb"},"inLanguage":"en-US","potentialAction":[{"@type":"ReadAction","target":["https:\/\/cvetlicarna-jasmin.com\/index.php\/porocna-floristika\/"]}]},{"@type":"ImageObject","inLanguage":"en-US","@id":"https:\/\/cvetlicarna-jasmin.com\/index.php\/porocna-floristika\/#primaryimage","url":"https:\/\/cvetlicarna-jasmin.com\/wp-content\/uploads\/2025\/06\/20200704_081057-scaled.jpg","contentUrl":"https:\/\/cvetlicarna-jasmin.com\/wp-content\/uploads\/2025\/06\/20200704_081057-scaled.jpg"},{"@type":"BreadcrumbList","@id":"https:\/\/cvetlicarna-jasmin.com\/index.php\/porocna-floristika\/#breadcrumb","itemListElement":[{"@type":"ListItem","position":1,"name":"Home","item":"https:\/\/cvetlicarna-jasmin.com\/"},{"@type":"ListItem","position":2,"name":"Poro\u010dna floristika"}]},{"@type":"WebSite","@id":"https:\/\/cvetlicarna-jasmin.com\/#website","url":"https:\/\/cvetlicarna-jasmin.com\/","name":"CVETLI\u010cARNA JASMIN ZLATICA STARC S.P.","description":"Galerija na\u0161ega cvetja","potentialAction":[{"@type":"SearchAction","target":{"@type":"EntryPoint","urlTemplate":"https:\/\/cvetlicarna-jasmin.com\/?s={search_term_string}"},"query-input":{"@type":"PropertyValueSpecification","valueRequired":true,"valueName":"search_term_string"}}],"inLanguage":"en-US"}]}},"_links":{"self":[{"href":"https:\/\/cvetlicarna-jasmin.com\/index.php\/wp-json\/wp\/v2\/pages\/29687","targetHints":{"allow":["GET"]}}],"collection":[{"href":"https:\/\/cvetlicarna-jasmin.com\/index.php\/wp-json\/wp\/v2\/pages"}],"about":[{"href":"https:\/\/cvetlicarna-jasmin.com\/index.php\/wp-json\/wp\/v2\/types\/page"}],"author":[{"embeddable":true,"href":"https:\/\/cvetlicarna-jasmin.com\/index.php\/wp-json\/wp\/v2\/users\/1"}],"replies":[{"embeddable":true,"href":"https:\/\/cvetlicarna-jasmin.com\/index.php\/wp-json\/wp\/v2\/comments?post=29687"}],"version-history":[{"count":13,"href":"https:\/\/cvetlicarna-jasmin.com\/index.php\/wp-json\/wp\/v2\/pages\/29687\/revisions"}],"predecessor-version":[{"id":30447,"href":"https:\/\/cvetlicarna-jasmin.com\/index.php\/wp-json\/wp\/v2\/pages\/29687\/revisions\/30447"}],"wp:attachment":[{"href":"https:\/\/cvetlicarna-jasmin.com\/index.php\/wp-json\/wp\/v2\/media?parent=29687"}],"curies":[{"name":"wp","href":"https:\/\/api.w.org\/{rel}","templated":true}]}}