{"id":29365,"date":"2025-05-13T18:04:18","date_gmt":"2025-05-13T18:04:18","guid":{"rendered":"https:\/\/cvetlicarna-jasmin.com\/?page_id=29365"},"modified":"2025-06-15T00:49:48","modified_gmt":"2025-06-14T22:49:48","slug":"galerija","status":"publish","type":"page","link":"https:\/\/cvetlicarna-jasmin.com\/index.php\/galerija\/","title":{"rendered":"Galerija"},"content":{"rendered":"\t\t<div data-elementor-type=\"wp-page\" data-elementor-id=\"29365\" class=\"elementor elementor-29365\">\n\t\t\t\t<div class=\"elementor-element elementor-element-11fef65 e-con-full e-flex wpr-particle-no wpr-jarallax-no wpr-parallax-no wpr-sticky-section-no elementor-invisible e-con e-parent\" data-id=\"11fef65\" data-element_type=\"container\" data-settings=\"{&quot;background_background&quot;:&quot;classic&quot;,&quot;animation&quot;:&quot;fadeInUp&quot;}\">\n\t\t\t\t<div class=\"elementor-element elementor-element-aefeac9 elementor-widget__width-initial elementor-widget elementor-widget-heading\" data-id=\"aefeac9\" data-element_type=\"widget\" data-widget_type=\"heading.default\">\n\t\t\t\t<div class=\"elementor-widget-container\">\n\t\t\t\t\t<h2 class=\"elementor-heading-title elementor-size-default\">GALERIJA<\/h2>\t\t\t\t<\/div>\n\t\t\t\t<\/div>\n\t\t\t\t<div class=\"elementor-element elementor-element-9632119 elementor-widget elementor-widget-spacer\" data-id=\"9632119\" data-element_type=\"widget\" data-widget_type=\"spacer.default\">\n\t\t\t\t<div class=\"elementor-widget-container\">\n\t\t\t\t\t\t\t<div class=\"elementor-spacer\">\n\t\t\t<div class=\"elementor-spacer-inner\"><\/div>\n\t\t<\/div>\n\t\t\t\t\t\t<\/div>\n\t\t\t\t<\/div>\n\t\t\t\t<div class=\"elementor-element elementor-element-26a5c83 elementor-widget__width-initial elementor-widget elementor-widget-text-editor\" data-id=\"26a5c83\" data-element_type=\"widget\" data-widget_type=\"text-editor.default\">\n\t\t\t\t<div class=\"elementor-widget-container\">\n\t\t\t\t\t\t\t\t\t<p>Prebrskajte na\u0161o galerijo, razdeljeno po kategorijah.<\/p>\t\t\t\t\t\t\t\t<\/div>\n\t\t\t\t<\/div>\n\t\t\t\t<\/div>\n\t\t<div class=\"elementor-element elementor-element-79e70a7 e-flex e-con-boxed wpr-particle-no wpr-jarallax-no wpr-parallax-no wpr-sticky-section-no elementor-invisible e-con e-parent\" data-id=\"79e70a7\" data-element_type=\"container\" data-settings=\"{&quot;animation&quot;:&quot;fadeInUp&quot;}\">\n\t\t\t\t\t<div class=\"e-con-inner\">\n\t\t\t\t<div class=\"elementor-element elementor-element-0e3f591 elementor-widget__width-inherit elementor-position-top elementor-widget elementor-widget-image-box\" data-id=\"0e3f591\" data-element_type=\"widget\" data-widget_type=\"image-box.default\">\n\t\t\t\t<div class=\"elementor-widget-container\">\n\t\t\t\t\t<div class=\"elementor-image-box-wrapper\"><figure class=\"elementor-image-box-img\"><a href=\"https:\/\/cvetlicarna-jasmin.com\/index.php\/sopki\/\" tabindex=\"-1\"><img fetchpriority=\"high\" decoding=\"async\" width=\"448\" height=\"557\" src=\"https:\/\/cvetlicarna-jasmin.com\/wp-content\/uploads\/2025\/06\/sopki-1.png\" class=\"elementor-animation-grow attachment-full size-full wp-image-30306\" alt=\"\" srcset=\"https:\/\/cvetlicarna-jasmin.com\/wp-content\/uploads\/2025\/06\/sopki-1.png 448w, https:\/\/cvetlicarna-jasmin.com\/wp-content\/uploads\/2025\/06\/sopki-1-241x300.png 241w\" sizes=\"(max-width: 448px) 100vw, 448px\" \/><\/a><\/figure><div class=\"elementor-image-box-content\"><h3 class=\"elementor-image-box-title\"><a href=\"https:\/\/cvetlicarna-jasmin.com\/index.php\/sopki\/\">\u0160OPKI<\/a><\/h3><\/div><\/div>\t\t\t\t<\/div>\n\t\t\t\t<\/div>\n\t\t\t\t<div class=\"elementor-element elementor-element-8b829a1 elementor-widget__width-inherit elementor-position-top elementor-widget elementor-widget-image-box\" data-id=\"8b829a1\" data-element_type=\"widget\" data-widget_type=\"image-box.default\">\n\t\t\t\t<div class=\"elementor-widget-container\">\n\t\t\t\t\t<div class=\"elementor-image-box-wrapper\"><figure class=\"elementor-image-box-img\"><a href=\"https:\/\/cvetlicarna-jasmin.com\/index.php\/zalna-floristika\/\" tabindex=\"-1\"><img decoding=\"async\" width=\"449\" height=\"556\" src=\"https:\/\/cvetlicarna-jasmin.com\/wp-content\/uploads\/2025\/06\/zalna_floristika-1.png\" class=\"elementor-animation-grow attachment-full size-full wp-image-30305\" alt=\"\" srcset=\"https:\/\/cvetlicarna-jasmin.com\/wp-content\/uploads\/2025\/06\/zalna_floristika-1.png 449w, https:\/\/cvetlicarna-jasmin.com\/wp-content\/uploads\/2025\/06\/zalna_floristika-1-242x300.png 242w\" sizes=\"(max-width: 449px) 100vw, 449px\" \/><\/a><\/figure><div class=\"elementor-image-box-content\"><h3 class=\"elementor-image-box-title\"><a href=\"https:\/\/cvetlicarna-jasmin.com\/index.php\/zalna-floristika\/\">\u017dALNA FLORISTIKA<\/a><\/h3><\/div><\/div>\t\t\t\t<\/div>\n\t\t\t\t<\/div>\n\t\t\t\t<div class=\"elementor-element elementor-element-5ce4f33 elementor-widget__width-inherit elementor-position-top elementor-widget elementor-widget-image-box\" data-id=\"5ce4f33\" data-element_type=\"widget\" data-widget_type=\"image-box.default\">\n\t\t\t\t<div class=\"elementor-widget-container\">\n\t\t\t\t\t<div class=\"elementor-image-box-wrapper\"><figure class=\"elementor-image-box-img\"><a href=\"https:\/\/cvetlicarna-jasmin.com\/index.php\/porocna-floristika\/\" tabindex=\"-1\"><img decoding=\"async\" width=\"497\" height=\"502\" src=\"https:\/\/cvetlicarna-jasmin.com\/wp-content\/uploads\/2025\/06\/poroka.png\" class=\"elementor-animation-grow attachment-full size-full wp-image-29639\" alt=\"\" \/><\/a><\/figure><div class=\"elementor-image-box-content\"><h3 class=\"elementor-image-box-title\"><a href=\"https:\/\/cvetlicarna-jasmin.com\/index.php\/porocna-floristika\/\">PORO\u010cNA FLORISTIKA<\/a><\/h3><\/div><\/div>\t\t\t\t<\/div>\n\t\t\t\t<\/div>\n\t\t\t\t\t<\/div>\n\t\t\t\t<\/div>\n\t\t<div class=\"elementor-element elementor-element-180471a e-flex e-con-boxed wpr-particle-no wpr-jarallax-no wpr-parallax-no wpr-sticky-section-no e-con e-parent\" data-id=\"180471a\" data-element_type=\"container\">\n\t\t\t\t\t<div class=\"e-con-inner\">\n\t\t\t\t<div class=\"elementor-element elementor-element-167d177 elementor-widget elementor-widget-spacer\" data-id=\"167d177\" data-element_type=\"widget\" data-widget_type=\"spacer.default\">\n\t\t\t\t<div class=\"elementor-widget-container\">\n\t\t\t\t\t\t\t<div class=\"elementor-spacer\">\n\t\t\t<div class=\"elementor-spacer-inner\"><\/div>\n\t\t<\/div>\n\t\t\t\t\t\t<\/div>\n\t\t\t\t<\/div>\n\t\t\t\t\t<\/div>\n\t\t\t\t<\/div>\n\t\t<div class=\"elementor-element elementor-element-1dbf449 e-flex e-con-boxed wpr-particle-no wpr-jarallax-no wpr-parallax-no wpr-sticky-section-no elementor-invisible e-con e-parent\" data-id=\"1dbf449\" data-element_type=\"container\" data-settings=\"{&quot;animation&quot;:&quot;fadeInUp&quot;}\">\n\t\t\t\t\t<div class=\"e-con-inner\">\n\t\t\t\t<div class=\"elementor-element elementor-element-330a2c0 elementor-widget__width-inherit elementor-position-top elementor-widget elementor-widget-image-box\" data-id=\"330a2c0\" data-element_type=\"widget\" data-widget_type=\"image-box.default\">\n\t\t\t\t<div class=\"elementor-widget-container\">\n\t\t\t\t\t<div class=\"elementor-image-box-wrapper\"><figure class=\"elementor-image-box-img\"><a href=\"https:\/\/cvetlicarna-jasmin.com\/index.php\/darila\/\" tabindex=\"-1\"><img loading=\"lazy\" decoding=\"async\" width=\"576\" height=\"433\" src=\"https:\/\/cvetlicarna-jasmin.com\/wp-content\/uploads\/2025\/06\/darila-1.png\" class=\"elementor-animation-grow attachment-full size-full wp-image-30332\" alt=\"\" srcset=\"https:\/\/cvetlicarna-jasmin.com\/wp-content\/uploads\/2025\/06\/darila-1.png 576w, https:\/\/cvetlicarna-jasmin.com\/wp-content\/uploads\/2025\/06\/darila-1-300x226.png 300w\" sizes=\"(max-width: 576px) 100vw, 576px\" \/><\/a><\/figure><div class=\"elementor-image-box-content\"><h3 class=\"elementor-image-box-title\"><a href=\"https:\/\/cvetlicarna-jasmin.com\/index.php\/darila\/\">DARILA<\/a><\/h3><\/div><\/div>\t\t\t\t<\/div>\n\t\t\t\t<\/div>\n\t\t\t\t<div class=\"elementor-element elementor-element-d10309f elementor-widget__width-inherit elementor-position-top elementor-widget elementor-widget-image-box\" data-id=\"d10309f\" data-element_type=\"widget\" data-widget_type=\"image-box.default\">\n\t\t\t\t<div class=\"elementor-widget-container\">\n\t\t\t\t\t<div class=\"elementor-image-box-wrapper\"><figure class=\"elementor-image-box-img\"><a href=\"https:\/\/cvetlicarna-jasmin.com\/index.php\/nagrobne-svece\/\" tabindex=\"-1\"><img loading=\"lazy\" decoding=\"async\" width=\"576\" height=\"433\" src=\"https:\/\/cvetlicarna-jasmin.com\/wp-content\/uploads\/2025\/06\/nagrobne_svece.png\" class=\"elementor-animation-grow attachment-full size-full wp-image-30310\" alt=\"\" srcset=\"https:\/\/cvetlicarna-jasmin.com\/wp-content\/uploads\/2025\/06\/nagrobne_svece.png 576w, https:\/\/cvetlicarna-jasmin.com\/wp-content\/uploads\/2025\/06\/nagrobne_svece-300x226.png 300w\" sizes=\"(max-width: 576px) 100vw, 576px\" \/><\/a><\/figure><div class=\"elementor-image-box-content\"><h3 class=\"elementor-image-box-title\"><a href=\"https:\/\/cvetlicarna-jasmin.com\/index.php\/nagrobne-svece\/\">NAGROBNE SVE\u010cE<\/a><\/h3><\/div><\/div>\t\t\t\t<\/div>\n\t\t\t\t<\/div>\n\t\t\t\t<div class=\"elementor-element elementor-element-6b563f1 elementor-widget__width-inherit elementor-position-top elementor-widget elementor-widget-image-box\" data-id=\"6b563f1\" data-element_type=\"widget\" data-widget_type=\"image-box.default\">\n\t\t\t\t<div class=\"elementor-widget-container\">\n\t\t\t\t\t<div class=\"elementor-image-box-wrapper\"><figure class=\"elementor-image-box-img\"><a href=\"https:\/\/cvetlicarna-jasmin.com\/index.php\/nagrobni-aranzmaji\" tabindex=\"-1\"><img loading=\"lazy\" decoding=\"async\" width=\"558\" height=\"447\" src=\"https:\/\/cvetlicarna-jasmin.com\/wp-content\/uploads\/2025\/05\/nagrobni_aranzmaj.png\" class=\"elementor-animation-grow attachment-full size-full wp-image-29251\" alt=\"\" srcset=\"https:\/\/cvetlicarna-jasmin.com\/wp-content\/uploads\/2025\/05\/nagrobni_aranzmaj.png 558w, https:\/\/cvetlicarna-jasmin.com\/wp-content\/uploads\/2025\/05\/nagrobni_aranzmaj-300x240.png 300w\" sizes=\"(max-width: 558px) 100vw, 558px\" \/><\/a><\/figure><div class=\"elementor-image-box-content\"><h3 class=\"elementor-image-box-title\"><a href=\"https:\/\/cvetlicarna-jasmin.com\/index.php\/nagrobni-aranzmaji\">NAGROBNI ARAN\u017dMAJI<\/a><\/h3><\/div><\/div>\t\t\t\t<\/div>\n\t\t\t\t<\/div>\n\t\t\t\t\t<\/div>\n\t\t\t\t<\/div>\n\t\t<div class=\"elementor-element elementor-element-14bc650 e-flex e-con-boxed wpr-particle-no wpr-jarallax-no wpr-parallax-no wpr-sticky-section-no e-con e-parent\" data-id=\"14bc650\" data-element_type=\"container\">\n\t\t\t\t\t<div class=\"e-con-inner\">\n\t\t\t\t<div class=\"elementor-element elementor-element-f819989 elementor-widget elementor-widget-spacer\" data-id=\"f819989\" data-element_type=\"widget\" data-widget_type=\"spacer.default\">\n\t\t\t\t<div class=\"elementor-widget-container\">\n\t\t\t\t\t\t\t<div class=\"elementor-spacer\">\n\t\t\t<div class=\"elementor-spacer-inner\"><\/div>\n\t\t<\/div>\n\t\t\t\t\t\t<\/div>\n\t\t\t\t<\/div>\n\t\t\t\t\t<\/div>\n\t\t\t\t<\/div>\n\t\t\t\t<\/div>\n\t\t","protected":false},"excerpt":{"rendered":"<p>GALERIJA Prebrskajte na\u0161o galerijo, razdeljeno po kategorijah. \u0160OPKI \u017dALNA FLORISTIKA PORO\u010cNA FLORISTIKA DARILA NAGROBNE SVE\u010cE NAGROBNI ARAN\u017dMAJI<\/p>\n","protected":false},"author":1,"featured_media":0,"parent":0,"menu_order":0,"comment_status":"closed","ping_status":"closed","template":"","meta":{"footnotes":""},"class_list":["post-29365","page","type-page","status-publish","hentry"],"yoast_head":"<!-- This site is optimized with the Yoast SEO plugin v25.3 - https:\/\/yoast.com\/wordpress\/plugins\/seo\/ -->\n<title>Galerija - CVETLI\u010cARNA JASMIN ZLATICA STARC S.P.<\/title>\n<meta name=\"robots\" content=\"index, follow, max-snippet:-1, max-image-preview:large, max-video-preview:-1\" \/>\n<link rel=\"canonical\" href=\"https:\/\/cvetlicarna-jasmin.com\/index.php\/galerija\/\" \/>\n<meta property=\"og:locale\" content=\"en_US\" \/>\n<meta property=\"og:type\" content=\"article\" \/>\n<meta property=\"og:title\" content=\"Galerija - CVETLI\u010cARNA JASMIN ZLATICA STARC S.P.\" \/>\n<meta property=\"og:description\" content=\"GALERIJA Prebrskajte na\u0161o galerijo, razdeljeno po kategorijah. \u0160OPKI \u017dALNA FLORISTIKA PORO\u010cNA FLORISTIKA DARILA NAGROBNE SVE\u010cE NAGROBNI ARAN\u017dMAJI\" \/>\n<meta property=\"og:url\" content=\"https:\/\/cvetlicarna-jasmin.com\/index.php\/galerija\/\" \/>\n<meta property=\"og:site_name\" content=\"CVETLI\u010cARNA JASMIN ZLATICA STARC S.P.\" \/>\n<meta property=\"article:modified_time\" content=\"2025-06-14T22:49:48+00:00\" \/>\n<meta property=\"og:image\" content=\"https:\/\/cvetlicarna-jasmin.com\/wp-content\/uploads\/2025\/06\/sopki-1.png\" \/>\n\t<meta property=\"og:image:width\" content=\"448\" \/>\n\t<meta property=\"og:image:height\" content=\"557\" \/>\n\t<meta property=\"og:image:type\" content=\"image\/png\" \/>\n<meta name=\"twitter:card\" content=\"summary_large_image\" \/>\n<script type=\"application\/ld+json\" class=\"yoast-schema-graph\">{\"@context\":\"https:\/\/schema.org\",\"@graph\":[{\"@type\":\"WebPage\",\"@id\":\"https:\/\/cvetlicarna-jasmin.com\/index.php\/galerija\/\",\"url\":\"https:\/\/cvetlicarna-jasmin.com\/index.php\/galerija\/\",\"name\":\"Galerija - CVETLI\u010cARNA JASMIN ZLATICA STARC S.P.\",\"isPartOf\":{\"@id\":\"https:\/\/cvetlicarna-jasmin.com\/#website\"},\"primaryImageOfPage\":{\"@id\":\"https:\/\/cvetlicarna-jasmin.com\/index.php\/galerija\/#primaryimage\"},\"image\":{\"@id\":\"https:\/\/cvetlicarna-jasmin.com\/index.php\/galerija\/#primaryimage\"},\"thumbnailUrl\":\"https:\/\/cvetlicarna-jasmin.com\/wp-content\/uploads\/2025\/06\/sopki-1.png\",\"datePublished\":\"2025-05-13T18:04:18+00:00\",\"dateModified\":\"2025-06-14T22:49:48+00:00\",\"breadcrumb\":{\"@id\":\"https:\/\/cvetlicarna-jasmin.com\/index.php\/galerija\/#breadcrumb\"},\"inLanguage\":\"en-US\",\"potentialAction\":[{\"@type\":\"ReadAction\",\"target\":[\"https:\/\/cvetlicarna-jasmin.com\/index.php\/galerija\/\"]}]},{\"@type\":\"ImageObject\",\"inLanguage\":\"en-US\",\"@id\":\"https:\/\/cvetlicarna-jasmin.com\/index.php\/galerija\/#primaryimage\",\"url\":\"https:\/\/cvetlicarna-jasmin.com\/wp-content\/uploads\/2025\/06\/sopki-1.png\",\"contentUrl\":\"https:\/\/cvetlicarna-jasmin.com\/wp-content\/uploads\/2025\/06\/sopki-1.png\",\"width\":448,\"height\":557},{\"@type\":\"BreadcrumbList\",\"@id\":\"https:\/\/cvetlicarna-jasmin.com\/index.php\/galerija\/#breadcrumb\",\"itemListElement\":[{\"@type\":\"ListItem\",\"position\":1,\"name\":\"Home\",\"item\":\"https:\/\/cvetlicarna-jasmin.com\/\"},{\"@type\":\"ListItem\",\"position\":2,\"name\":\"Galerija\"}]},{\"@type\":\"WebSite\",\"@id\":\"https:\/\/cvetlicarna-jasmin.com\/#website\",\"url\":\"https:\/\/cvetlicarna-jasmin.com\/\",\"name\":\"CVETLI\u010cARNA JASMIN ZLATICA STARC S.P.\",\"description\":\"Galerija na\u0161ega cvetja\",\"potentialAction\":[{\"@type\":\"SearchAction\",\"target\":{\"@type\":\"EntryPoint\",\"urlTemplate\":\"https:\/\/cvetlicarna-jasmin.com\/?s={search_term_string}\"},\"query-input\":{\"@type\":\"PropertyValueSpecification\",\"valueRequired\":true,\"valueName\":\"search_term_string\"}}],\"inLanguage\":\"en-US\"}]}<\/script>\n<!-- \/ Yoast SEO plugin. -->","yoast_head_json":{"title":"Galerija - CVETLI\u010cARNA JASMIN ZLATICA STARC S.P.","robots":{"index":"index","follow":"follow","max-snippet":"max-snippet:-1","max-image-preview":"max-image-preview:large","max-video-preview":"max-video-preview:-1"},"canonical":"https:\/\/cvetlicarna-jasmin.com\/index.php\/galerija\/","og_locale":"en_US","og_type":"article","og_title":"Galerija - CVETLI\u010cARNA JASMIN ZLATICA STARC S.P.","og_description":"GALERIJA Prebrskajte na\u0161o galerijo, razdeljeno po kategorijah. \u0160OPKI \u017dALNA FLORISTIKA PORO\u010cNA FLORISTIKA DARILA NAGROBNE SVE\u010cE NAGROBNI ARAN\u017dMAJI","og_url":"https:\/\/cvetlicarna-jasmin.com\/index.php\/galerija\/","og_site_name":"CVETLI\u010cARNA JASMIN ZLATICA STARC S.P.","article_modified_time":"2025-06-14T22:49:48+00:00","og_image":[{"width":448,"height":557,"url":"https:\/\/cvetlicarna-jasmin.com\/wp-content\/uploads\/2025\/06\/sopki-1.png","type":"image\/png"}],"twitter_card":"summary_large_image","schema":{"@context":"https:\/\/schema.org","@graph":[{"@type":"WebPage","@id":"https:\/\/cvetlicarna-jasmin.com\/index.php\/galerija\/","url":"https:\/\/cvetlicarna-jasmin.com\/index.php\/galerija\/","name":"Galerija - CVETLI\u010cARNA JASMIN ZLATICA STARC S.P.","isPartOf":{"@id":"https:\/\/cvetlicarna-jasmin.com\/#website"},"primaryImageOfPage":{"@id":"https:\/\/cvetlicarna-jasmin.com\/index.php\/galerija\/#primaryimage"},"image":{"@id":"https:\/\/cvetlicarna-jasmin.com\/index.php\/galerija\/#primaryimage"},"thumbnailUrl":"https:\/\/cvetlicarna-jasmin.com\/wp-content\/uploads\/2025\/06\/sopki-1.png","datePublished":"2025-05-13T18:04:18+00:00","dateModified":"2025-06-14T22:49:48+00:00","breadcrumb":{"@id":"https:\/\/cvetlicarna-jasmin.com\/index.php\/galerija\/#breadcrumb"},"inLanguage":"en-US","potentialAction":[{"@type":"ReadAction","target":["https:\/\/cvetlicarna-jasmin.com\/index.php\/galerija\/"]}]},{"@type":"ImageObject","inLanguage":"en-US","@id":"https:\/\/cvetlicarna-jasmin.com\/index.php\/galerija\/#primaryimage","url":"https:\/\/cvetlicarna-jasmin.com\/wp-content\/uploads\/2025\/06\/sopki-1.png","contentUrl":"https:\/\/cvetlicarna-jasmin.com\/wp-content\/uploads\/2025\/06\/sopki-1.png","width":448,"height":557},{"@type":"BreadcrumbList","@id":"https:\/\/cvetlicarna-jasmin.com\/index.php\/galerija\/#breadcrumb","itemListElement":[{"@type":"ListItem","position":1,"name":"Home","item":"https:\/\/cvetlicarna-jasmin.com\/"},{"@type":"ListItem","position":2,"name":"Galerija"}]},{"@type":"WebSite","@id":"https:\/\/cvetlicarna-jasmin.com\/#website","url":"https:\/\/cvetlicarna-jasmin.com\/","name":"CVETLI\u010cARNA JASMIN ZLATICA STARC S.P.","description":"Galerija na\u0161ega cvetja","potentialAction":[{"@type":"SearchAction","target":{"@type":"EntryPoint","urlTemplate":"https:\/\/cvetlicarna-jasmin.com\/?s={search_term_string}"},"query-input":{"@type":"PropertyValueSpecification","valueRequired":true,"valueName":"search_term_string"}}],"inLanguage":"en-US"}]}},"_links":{"self":[{"href":"https:\/\/cvetlicarna-jasmin.com\/index.php\/wp-json\/wp\/v2\/pages\/29365","targetHints":{"allow":["GET"]}}],"collection":[{"href":"https:\/\/cvetlicarna-jasmin.com\/index.php\/wp-json\/wp\/v2\/pages"}],"about":[{"href":"https:\/\/cvetlicarna-jasmin.com\/index.php\/wp-json\/wp\/v2\/types\/page"}],"author":[{"embeddable":true,"href":"https:\/\/cvetlicarna-jasmin.com\/index.php\/wp-json\/wp\/v2\/users\/1"}],"replies":[{"embeddable":true,"href":"https:\/\/cvetlicarna-jasmin.com\/index.php\/wp-json\/wp\/v2\/comments?post=29365"}],"version-history":[{"count":49,"href":"https:\/\/cvetlicarna-jasmin.com\/index.php\/wp-json\/wp\/v2\/pages\/29365\/revisions"}],"predecessor-version":[{"id":30388,"href":"https:\/\/cvetlicarna-jasmin.com\/index.php\/wp-json\/wp\/v2\/pages\/29365\/revisions\/30388"}],"wp:attachment":[{"href":"https:\/\/cvetlicarna-jasmin.com\/index.php\/wp-json\/wp\/v2\/media?parent=29365"}],"curies":[{"name":"wp","href":"https:\/\/api.w.org\/{rel}","templated":true}]}}